{"id":2542,"date":"2022-05-26T09:41:01","date_gmt":"2022-05-26T09:41:01","guid":{"rendered":"https:\/\/www.duseprostor.cz\/?page_id=2542"},"modified":"2023-10-27T13:10:35","modified_gmt":"2023-10-27T13:10:35","slug":"blog","status":"publish","type":"page","link":"https:\/\/www.duseprostor.cz\/?page_id=2542","title":{"rendered":"Blog"},"content":{"rendered":"\t\t<div data-elementor-type=\"wp-page\" data-elementor-id=\"2542\" class=\"elementor elementor-2542\">\n\t\t\t\t\t\t<section class=\"elementor-section elementor-top-section elementor-element elementor-element-714348e elementor-section-full_width elementor-section-height-default elementor-section-height-default\" data-id=\"714348e\" data-element_type=\"section\" data-e-type=\"section\">\n\t\t\t\t\t\t\t<div class=\"elementor-background-overlay\"><\/div>\n\t\t\t\t\t\t\t<div class=\"elementor-container elementor-column-gap-default\">\n\t\t\t\t\t<div class=\"elementor-column elementor-col-100 elementor-top-column elementor-element elementor-element-ec9e07f\" data-id=\"ec9e07f\" data-element_type=\"column\" data-e-type=\"column\" data-settings=\"{&quot;background_background&quot;:&quot;classic&quot;}\">\n\t\t\t<div class=\"elementor-widget-wrap elementor-element-populated\">\n\t\t\t\t\t\t<div class=\"elementor-element elementor-element-e79c6ca elementor-widget elementor-widget-post_layouts\" data-id=\"e79c6ca\" data-element_type=\"widget\" data-e-type=\"widget\" data-widget_type=\"post_layouts.default\">\n\t\t\t\t<div class=\"elementor-widget-container\">\n\t\t\t\t\t<div class=\"row\"><div class=\"col-md-6 col-lg-4\"><div class=\"theimran-post-layout-one\"><div class=\"theimran-post-layout-one__thumbnail\">\t\t\t<a href=\"https:\/\/www.duseprostor.cz\/?p=5955\"><\/a>\r\n\t\t\t<\/div><div class=\"theimran-post-layout-one__content-wrapper\">\t\t\t<div class=\"theimran-post-layout-one__title\">\r\n\t\t\t\t<h3><a href=\"https:\/\/www.duseprostor.cz\/?p=5955\">Wellbeing &#8211; \u017eivotn\u00ed pohoda v ka\u017edodennosti<\/a><\/h3>\r\n\t\t\t<\/div>\r\n\t\t\t\t<div class=\"theimran-post-layout-one__blog-meta\">\r\n\t\t\t<ul>\r\n\t\t\t\t\t\t\t<\/ul>\r\n\t\t<\/div>\r\n\t\t\t\t\t<div class=\"theimran-post-layout-one__excerpt\">\r\n\t\t\t\t<p>\r\n\t\t\t\t\tNa besed\u011b se spole\u010dn\u011b zamysl\u00edme nad t\u00edm, co n\u00e1m p\u0159in\u00e1\u0161\u00ed klid, radost a vnit\u0159n\u00ed\t\t\t\t<\/p>\r\n\t\t\t<\/div>\r\n\t\t\t\t<div class=\"theimran-post-layout-one__read-more\">\r\n\t\t\t<a href=\"https:\/\/www.duseprostor.cz\/?p=5955\">Cel\u00fd p\u0159\u00edsp\u011bvek<\/a>\r\n\t\t<\/div>\r\n\t\t<\/div><\/div><\/div><div class=\"col-md-6 col-lg-4\"><div class=\"theimran-post-layout-one\"><div class=\"theimran-post-layout-one__thumbnail\">\t\t\t<a href=\"https:\/\/www.duseprostor.cz\/?p=5934\"><\/a>\r\n\t\t\t<\/div><div class=\"theimran-post-layout-one__content-wrapper\">\t\t\t<div class=\"theimran-post-layout-one__title\">\r\n\t\t\t\t<h3><a href=\"https:\/\/www.duseprostor.cz\/?p=5934\">Poruchy p\u0159\u00edjmu potravy \u2013 propojen\u00ed odbornosti a zku\u0161enosti<\/a><\/h3>\r\n\t\t\t<\/div>\r\n\t\t\t\t<div class=\"theimran-post-layout-one__blog-meta\">\r\n\t\t\t<ul>\r\n\t\t\t\t\t\t\t<\/ul>\r\n\t\t<\/div>\r\n\t\t\t\t\t<div class=\"theimran-post-layout-one__excerpt\">\r\n\t\t\t\t<p>\r\n\t\t\t\t\tTak\u00e9 bychom V\u00e1s cht\u011bli pozvat dne 18.5. v 17:30 hod. do P\u0159edn\u00e1\u0161kov\u00e9ho s\u00e1lu Nadace Josefa Pl\u00edvy ve Svitav\u00e1ch na p\u0159edn\u00e1\u0161ku a n\u00e1slednou\t\t\t\t<\/p>\r\n\t\t\t<\/div>\r\n\t\t\t\t<div class=\"theimran-post-layout-one__read-more\">\r\n\t\t\t<a href=\"https:\/\/www.duseprostor.cz\/?p=5934\">Cel\u00fd p\u0159\u00edsp\u011bvek<\/a>\r\n\t\t<\/div>\r\n\t\t<\/div><\/div><\/div><div class=\"col-md-6 col-lg-4\"><div class=\"theimran-post-layout-one\"><div class=\"theimran-post-layout-one__thumbnail\">\t\t\t<a href=\"https:\/\/www.duseprostor.cz\/?p=5931\"><\/a>\r\n\t\t\t<\/div><div class=\"theimran-post-layout-one__content-wrapper\">\t\t\t<div class=\"theimran-post-layout-one__title\">\r\n\t\t\t\t<h3><a href=\"https:\/\/www.duseprostor.cz\/?p=5931\">V\u00fdlet do Litomy\u0161le<\/a><\/h3>\r\n\t\t\t<\/div>\r\n\t\t\t\t<div class=\"theimran-post-layout-one__blog-meta\">\r\n\t\t\t<ul>\r\n\t\t\t\t\t\t\t<\/ul>\r\n\t\t<\/div>\r\n\t\t\t\t\t<div class=\"theimran-post-layout-one__excerpt\">\r\n\t\t\t\t<p>\r\n\t\t\t\t\tOp\u011bt po\u0159\u00e1d\u00e1me jednodenn\u00ed v\u00fdlet, tentokr\u00e1t se v sobotu 25.4. pod\u00edv\u00e1me do Litomy\u0161le. \u010cek\u00e1 n\u00e1s n\u00e1v\u0161t\u011bva And\u011blsk\u00e9 vyhl\u00eddky, \u010cerven\u00e9\t\t\t\t<\/p>\r\n\t\t\t<\/div>\r\n\t\t\t\t<div class=\"theimran-post-layout-one__read-more\">\r\n\t\t\t<a href=\"https:\/\/www.duseprostor.cz\/?p=5931\">Cel\u00fd p\u0159\u00edsp\u011bvek<\/a>\r\n\t\t<\/div>\r\n\t\t<\/div><\/div><\/div><div class=\"col-md-6 col-lg-4\"><div class=\"theimran-post-layout-one\"><div class=\"theimran-post-layout-one__thumbnail\">\t\t\t<a href=\"https:\/\/www.duseprostor.cz\/?p=5881\"><\/a>\r\n\t\t\t<\/div><div class=\"theimran-post-layout-one__content-wrapper\">\t\t\t<div class=\"theimran-post-layout-one__title\">\r\n\t\t\t\t<h3><a href=\"https:\/\/www.duseprostor.cz\/?p=5881\">V\u00edkendov\u00fd pobyt M\u00cdLOVY<\/a><\/h3>\r\n\t\t\t<\/div>\r\n\t\t\t\t<div class=\"theimran-post-layout-one__blog-meta\">\r\n\t\t\t<ul>\r\n\t\t\t\t\t\t\t<\/ul>\r\n\t\t<\/div>\r\n\t\t\t\t\t<div class=\"theimran-post-layout-one__excerpt\">\r\n\t\t\t\t<p>\r\n\t\t\t\t\t&nbsp;V m\u011bs\u00edci&nbsp; \u010dervnu 2026 chyst\u00e1me pro V\u00e1s dal\u0161\u00ed v\u00edkendov\u00fd pobyt. Jedn\u00e1 se o pobyt trvaj\u00edc\u00ed od p\u00e1tku do ned\u011ble. Zaji\u0161t\u011bno bude\t\t\t\t<\/p>\r\n\t\t\t<\/div>\r\n\t\t\t\t<div class=\"theimran-post-layout-one__read-more\">\r\n\t\t\t<a href=\"https:\/\/www.duseprostor.cz\/?p=5881\">Cel\u00fd p\u0159\u00edsp\u011bvek<\/a>\r\n\t\t<\/div>\r\n\t\t<\/div><\/div><\/div><div class=\"col-md-6 col-lg-4\"><div class=\"theimran-post-layout-one\"><div class=\"theimran-post-layout-one__thumbnail\">\t\t\t<a href=\"https:\/\/www.duseprostor.cz\/?p=5877\"><\/a>\r\n\t\t\t<\/div><div class=\"theimran-post-layout-one__content-wrapper\">\t\t\t<div class=\"theimran-post-layout-one__title\">\r\n\t\t\t\t<h3><a href=\"https:\/\/www.duseprostor.cz\/?p=5877\">N\u00e1rodopisn\u00e1 expozice ROK NA H\u0158EBE\u010cSKU v Moravsk\u00e9 T\u0159ebov\u00e9<\/a><\/h3>\r\n\t\t\t<\/div>\r\n\t\t\t\t<div class=\"theimran-post-layout-one__blog-meta\">\r\n\t\t\t<ul>\r\n\t\t\t\t\t\t\t<\/ul>\r\n\t\t<\/div>\r\n\t\t\t\t\t<div class=\"theimran-post-layout-one__excerpt\">\r\n\t\t\t\t<p>\r\n\t\t\t\t\tV sobotu&nbsp;14.2.2026 &nbsp;se p\u016fjdeme proj\u00edt po historick\u00e9m m\u011bst\u011b Moravsk\u00e1 T\u0159ebov\u00e1&nbsp; Sraz:&nbsp;v 10:40 hod.&nbsp;na autobusov\u00e9m\t\t\t\t<\/p>\r\n\t\t\t<\/div>\r\n\t\t\t\t<div class=\"theimran-post-layout-one__read-more\">\r\n\t\t\t<a href=\"https:\/\/www.duseprostor.cz\/?p=5877\">Cel\u00fd p\u0159\u00edsp\u011bvek<\/a>\r\n\t\t<\/div>\r\n\t\t<\/div><\/div><\/div><\/div>\t\t<div class=\"Page d-flex justify-content-center frontpage navigation example\">\r\n\r\n\t\t\t<div class=\"pagination-wrapper\">\r\n\t\t\t\t<ul class='page-numbers'>\n\t<li><span aria-current=\"page\" class=\"page-numbers current\">1<\/span><\/li>\n\t<li><a class=\"page-numbers\" href=\"https:\/\/www.duseprostor.cz\/index.php?rest_route=%2Fwp%2Fv2%2Fpages%2F2542&#038;paged=2\">2<\/a><\/li>\n\t<li><a class=\"page-numbers\" href=\"https:\/\/www.duseprostor.cz\/index.php?rest_route=%2Fwp%2Fv2%2Fpages%2F2542&#038;paged=3\">3<\/a><\/li>\n\t<li><a class=\"page-numbers\" href=\"https:\/\/www.duseprostor.cz\/index.php?rest_route=%2Fwp%2Fv2%2Fpages%2F2542&#038;paged=4\">4<\/a><\/li>\n\t<li><span class=\"page-numbers dots\">&hellip;<\/span><\/li>\n\t<li><a class=\"page-numbers\" href=\"https:\/\/www.duseprostor.cz\/index.php?rest_route=%2Fwp%2Fv2%2Fpages%2F2542&#038;paged=13\">13<\/a><\/li>\n\t<li><a class=\"next page-numbers\" href=\"https:\/\/www.duseprostor.cz\/index.php?rest_route=%2Fwp%2Fv2%2Fpages%2F2542&#038;paged=2\"><i class=\"fas fa-angle-right\"><\/i><\/a><\/li>\n<\/ul>\n\t\t\t<\/div>\r\n\t\t<\/div>\r\n\t\t\t\t\t\t<\/div>\n\t\t\t\t<\/div>\n\t\t\t\t\t<\/div>\n\t\t<\/div>\n\t\t\t\t\t<\/div>\n\t\t<\/section>\n\t\t\t\t<section class=\"elementor-section elementor-top-section elementor-element elementor-element-1dded139 elementor-section-full_width elementor-section-height-default elementor-section-height-default\" data-id=\"1dded139\" data-element_type=\"section\" data-e-type=\"section\">\n\t\t\t\t\t\t\t<div class=\"elementor-background-overlay\"><\/div>\n\t\t\t\t\t\t\t<div class=\"elementor-container elementor-column-gap-default\">\n\t\t\t\t\t<div class=\"elementor-column elementor-col-100 elementor-top-column elementor-element elementor-element-32e725c6\" data-id=\"32e725c6\" data-element_type=\"column\" data-e-type=\"column\" data-settings=\"{&quot;background_background&quot;:&quot;classic&quot;}\">\n\t\t\t<div class=\"elementor-widget-wrap elementor-element-populated\">\n\t\t\t\t\t\t<div class=\"elementor-element elementor-element-168abe4c elementor-widget elementor-widget-heading\" data-id=\"168abe4c\" data-element_type=\"widget\" data-e-type=\"widget\" data-widget_type=\"heading.default\">\n\t\t\t\t<div class=\"elementor-widget-container\">\n\t\t\t\t\t<span class=\"elementor-heading-title elementor-size-default\">Podporuj\u00ed n\u00e1s<\/span>\t\t\t\t<\/div>\n\t\t\t\t<\/div>\n\t\t\t\t<div class=\"elementor-element elementor-element-51f7d0be elementor-widget-divider--view-line_icon elementor-widget-divider--separator-type-pattern elementor-view-default elementor-widget-divider--element-align-center elementor-widget elementor-widget-divider\" data-id=\"51f7d0be\" data-element_type=\"widget\" data-e-type=\"widget\" data-widget_type=\"divider.default\">\n\t\t\t\t<div class=\"elementor-widget-container\">\n\t\t\t\t\t\t\t<div class=\"elementor-divider\" style=\"--divider-pattern-url: url(&quot;data:image\/svg+xml,%3Csvg xmlns=&#039;http:\/\/www.w3.org\/2000\/svg&#039; preserveAspectRatio=&#039;none&#039; overflow=&#039;visible&#039; height=&#039;100%&#039; viewBox=&#039;0 0 20 16&#039; fill=&#039;none&#039; stroke=&#039;black&#039; stroke-width=&#039;1&#039; stroke-linecap=&#039;square&#039; stroke-miterlimit=&#039;10&#039;%3E%3Cg transform=&#039;translate(-12.000000, 0)&#039;%3E%3Cpath d=&#039;M28,0L10,18&#039;\/%3E%3Cpath d=&#039;M18,0L0,18&#039;\/%3E%3Cpath d=&#039;M48,0L30,18&#039;\/%3E%3Cpath d=&#039;M38,0L20,18&#039;\/%3E%3C\/g%3E%3C\/svg%3E&quot;);\">\n\t\t\t<span class=\"elementor-divider-separator\">\n\t\t\t\t\t\t\t<div class=\"elementor-icon elementor-divider__element\">\n\t\t\t\t\t<svg xmlns=\"http:\/\/www.w3.org\/2000\/svg\" xmlns:xlink=\"http:\/\/www.w3.org\/1999\/xlink\" xmlns:serif=\"http:\/\/www.serif.com\/\" width=\"100%\" height=\"100%\" viewBox=\"0 0 111 96\" xml:space=\"preserve\" style=\"fill-rule:evenodd;clip-rule:evenodd;stroke-linejoin:round;stroke-miterlimit:2;\">    <g transform=\"matrix(1,0,0,1,-1778.01,-1389.16)\">        <g transform=\"matrix(1,0,0,4.23105,1044.41,0)\">            <g transform=\"matrix(2.6084,0.101302,-0.428613,0.616491,-1749.6,-35.0144)\">                <path d=\"M1038.32,445.334C1038.31,445.335 1038.31,445.335 1038.31,445.336C1038.27,445.362 1037.21,446.015 1036.16,446.664C1035.82,446.879 1035.37,446.864 1035.04,446.628C1034.71,446.392 1034.55,445.979 1034.64,445.581C1034.95,444.233 1035.26,442.766 1035.29,442.422C1035.8,435.727 1033.21,430.907 1030.13,427.597C1029.55,426.966 1029.51,426.008 1030.04,425.333C1030.56,424.658 1031.5,424.464 1032.26,424.876C1037.48,427.74 1040.28,432.09 1041.4,437.275C1041.4,437.275 1050.24,435.894 1056.29,440.518C1056.29,440.518 1056.29,440.518 1056.29,440.519C1056.86,440.952 1057.05,441.717 1056.76,442.37C1056.47,443.022 1055.78,443.391 1055.07,443.263C1050.57,442.436 1044.97,442.686 1038.32,445.334Z\" style=\"fill:rgb(0,155,200);\"><\/path>            <\/g>        <\/g>    <\/g><\/svg><\/div>\n\t\t\t\t\t\t<\/span>\n\t\t<\/div>\n\t\t\t\t\t\t<\/div>\n\t\t\t\t<\/div>\n\t\t\t\t<div class=\"elementor-element elementor-element-3e466c75 elementor-widget elementor-widget-image-carousel\" data-id=\"3e466c75\" data-element_type=\"widget\" data-e-type=\"widget\" data-settings=\"{&quot;slides_to_show&quot;:&quot;5&quot;,&quot;navigation&quot;:&quot;none&quot;,&quot;lazyload&quot;:&quot;yes&quot;,&quot;autoplay&quot;:&quot;yes&quot;,&quot;pause_on_hover&quot;:&quot;yes&quot;,&quot;pause_on_interaction&quot;:&quot;yes&quot;,&quot;autoplay_speed&quot;:5000,&quot;infinite&quot;:&quot;yes&quot;,&quot;speed&quot;:500}\" data-widget_type=\"image-carousel.default\">\n\t\t\t\t<div class=\"elementor-widget-container\">\n\t\t\t\t\t\t\t<div class=\"elementor-image-carousel-wrapper swiper\" role=\"region\" aria-roledescription=\"carousel\" aria-label=\"Obr\u00e1zkov\u00fd koloto\u010d\" dir=\"ltr\">\n\t\t\t<div class=\"elementor-image-carousel swiper-wrapper\" aria-live=\"off\">\n\t\t\t\t\t\t\t\t<div class=\"swiper-slide\" role=\"group\" aria-roledescription=\"slide\" aria-label=\"1 z 5\"><figure class=\"swiper-slide-inner\"><img class=\"swiper-slide-image swiper-lazy\" data-src=\"https:\/\/www.duseprostor.cz\/wp-content\/uploads\/elementor\/thumbs\/1-qa0yktnwoi1297ymfao3j18y08rid5qd42f5td1hvs.png\" alt=\"1\" \/><div class=\"swiper-lazy-preloader\"><\/div><\/figure><\/div><div class=\"swiper-slide\" role=\"group\" aria-roledescription=\"slide\" aria-label=\"2 z 5\"><figure class=\"swiper-slide-inner\"><img class=\"swiper-slide-image swiper-lazy\" data-src=\"https:\/\/www.duseprostor.cz\/wp-content\/uploads\/elementor\/thumbs\/3-qa0yksq2hnzrxlzzks9gyjhheuw55gmmrxroc32w2k.png\" alt=\"3\" \/><div class=\"swiper-lazy-preloader\"><\/div><\/figure><\/div><div class=\"swiper-slide\" role=\"group\" aria-roledescription=\"slide\" aria-label=\"3 z 5\"><figure class=\"swiper-slide-inner\"><img class=\"swiper-slide-image swiper-lazy\" data-src=\"https:\/\/www.duseprostor.cz\/wp-content\/uploads\/elementor\/thumbs\/2-qa0yktnwoi1297ymfao3j18y08rid5qd42f5td1hz4.png\" alt=\"2\" \/><div class=\"swiper-lazy-preloader\"><\/div><\/figure><\/div><div class=\"swiper-slide\" role=\"group\" aria-roledescription=\"slide\" aria-label=\"4 z 5\"><figure class=\"swiper-slide-inner\"><img class=\"swiper-slide-image swiper-lazy\" data-src=\"https:\/\/www.duseprostor.cz\/wp-content\/uploads\/elementor\/thumbs\/5-qa0ykoypqbumn65g6qmyokfn1beoao7pff5qez8gus.png\" alt=\"5\" \/><div class=\"swiper-lazy-preloader\"><\/div><\/figure><\/div><div class=\"swiper-slide\" role=\"group\" aria-roledescription=\"slide\" aria-label=\"5 z 5\"><figure class=\"swiper-slide-inner\"><img class=\"swiper-slide-image swiper-lazy\" data-src=\"https:\/\/www.duseprostor.cz\/wp-content\/uploads\/elementor\/thumbs\/4-e1690454249323-qa0yleccuutdcn4l2jlw1w132pxl2i0giwrudg6u3g.png\" alt=\"4\" \/><div class=\"swiper-lazy-preloader\"><\/div><\/figure><\/div>\t\t\t<\/div>\n\t\t\t\t\t\t\t\n\t\t\t\t\t\t\t\t\t<\/div>\n\t\t\t\t\t\t<\/div>\n\t\t\t\t<\/div>\n\t\t\t\t\t<\/div>\n\t\t<\/div>\n\t\t\t\t\t<\/div>\n\t\t<\/section>\n\t\t\t\t<\/div>\n\t\t","protected":false},"excerpt":{"rendered":"<p>V\u00fdlet do Pardubic v sobotu 25.11. Vyra\u017ete s n\u00e1mi na v\u00fdlet do Pardubic, pojedeme vlakem ze Svitav v 8:03, nebo k n\u00e1m m\u016f\u017eete p\u0159istoupit na cest\u011b, nebo po\u010dkejte p\u0159\u00edmo v Cel\u00fd p\u0159\u00edsp\u011bvek Ji\u0159\u00ed Charv\u00e1t a Unotrio Pond\u011bl\u00ed 18. 9.2023 od 18:00 hod. v Kav\u00e1rn\u011b V Parku ve Svitav\u00e1ch. V 18:00 hod. za\u010dne interaktivn\u00ed probouzec\u00ed p\u0159edn\u00e1\u0161ko-beseda [&hellip;]<\/p>\n","protected":false},"author":1,"featured_media":0,"parent":0,"menu_order":0,"comment_status":"closed","ping_status":"closed","template":"","meta":{"footnotes":""},"class_list":["post-2542","page","type-page","status-publish","hentry"],"jetpack_sharing_enabled":true,"_links":{"self":[{"href":"https:\/\/www.duseprostor.cz\/index.php?rest_route=\/wp\/v2\/pages\/2542","targetHints":{"allow":["GET"]}}],"collection":[{"href":"https:\/\/www.duseprostor.cz\/index.php?rest_route=\/wp\/v2\/pages"}],"about":[{"href":"https:\/\/www.duseprostor.cz\/index.php?rest_route=\/wp\/v2\/types\/page"}],"author":[{"embeddable":true,"href":"https:\/\/www.duseprostor.cz\/index.php?rest_route=\/wp\/v2\/users\/1"}],"replies":[{"embeddable":true,"href":"https:\/\/www.duseprostor.cz\/index.php?rest_route=%2Fwp%2Fv2%2Fcomments&post=2542"}],"version-history":[{"count":55,"href":"https:\/\/www.duseprostor.cz\/index.php?rest_route=\/wp\/v2\/pages\/2542\/revisions"}],"predecessor-version":[{"id":4505,"href":"https:\/\/www.duseprostor.cz\/index.php?rest_route=\/wp\/v2\/pages\/2542\/revisions\/4505"}],"wp:attachment":[{"href":"https:\/\/www.duseprostor.cz\/index.php?rest_route=%2Fwp%2Fv2%2Fmedia&parent=2542"}],"curies":[{"name":"wp","href":"https:\/\/api.w.org\/{rel}","templated":true}]}}