{"id":3243,"date":"2023-01-25T15:06:33","date_gmt":"2023-01-25T15:06:33","guid":{"rendered":"https:\/\/www.duseprostor.cz\/?page_id=3243"},"modified":"2023-07-27T11:50:09","modified_gmt":"2023-07-27T11:50:09","slug":"podekovani","status":"publish","type":"page","link":"https:\/\/www.duseprostor.cz\/?page_id=3243","title":{"rendered":"Podekovani"},"content":{"rendered":"\t\t<div data-elementor-type=\"wp-page\" data-elementor-id=\"3243\" class=\"elementor elementor-3243\">\n\t\t\t\t\t\t<section class=\"elementor-section elementor-top-section elementor-element elementor-element-c978c30 elementor-section-full_width elementor-section-height-default elementor-section-height-default\" data-id=\"c978c30\" data-element_type=\"section\" data-e-type=\"section\">\n\t\t\t\t\t\t\t<div class=\"elementor-background-overlay\"><\/div>\n\t\t\t\t\t\t\t<div class=\"elementor-container elementor-column-gap-default\">\n\t\t\t\t\t<div class=\"elementor-column elementor-col-100 elementor-top-column elementor-element elementor-element-dcbcc90\" data-id=\"dcbcc90\" data-element_type=\"column\" data-e-type=\"column\" data-settings=\"{&quot;background_background&quot;:&quot;gradient&quot;}\">\n\t\t\t<div class=\"elementor-widget-wrap elementor-element-populated\">\n\t\t\t\t\t\t<section class=\"elementor-section elementor-inner-section elementor-element elementor-element-8ac8d53 elementor-section-full_width elementor-section-height-default elementor-section-height-default\" data-id=\"8ac8d53\" data-element_type=\"section\" data-e-type=\"section\">\n\t\t\t\t\t\t<div class=\"elementor-container elementor-column-gap-default\">\n\t\t\t\t\t<div class=\"elementor-column elementor-col-100 elementor-inner-column elementor-element elementor-element-10dc5db\" data-id=\"10dc5db\" data-element_type=\"column\" data-e-type=\"column\">\n\t\t\t<div class=\"elementor-widget-wrap elementor-element-populated\">\n\t\t\t\t\t\t<div class=\"elementor-element elementor-element-20a9975 elementor-widget elementor-widget-image\" data-id=\"20a9975\" data-element_type=\"widget\" data-e-type=\"widget\" data-widget_type=\"image.default\">\n\t\t\t\t<div class=\"elementor-widget-container\">\n\t\t\t\t\t\t\t\t\t\t\t\t\t\t\t<img fetchpriority=\"high\" decoding=\"async\" width=\"1532\" height=\"1766\" src=\"https:\/\/i0.wp.com\/www.duseprostor.cz\/wp-content\/uploads\/2023\/01\/Thanksite_trans.png?fit=1532%2C1766&amp;ssl=1\" class=\"attachment-full size-full wp-image-3270\" alt=\"\" srcset=\"https:\/\/i0.wp.com\/www.duseprostor.cz\/wp-content\/uploads\/2023\/01\/Thanksite_trans.png?w=1532&amp;ssl=1 1532w, https:\/\/i0.wp.com\/www.duseprostor.cz\/wp-content\/uploads\/2023\/01\/Thanksite_trans.png?resize=260%2C300&amp;ssl=1 260w, https:\/\/i0.wp.com\/www.duseprostor.cz\/wp-content\/uploads\/2023\/01\/Thanksite_trans.png?resize=888%2C1024&amp;ssl=1 888w, https:\/\/i0.wp.com\/www.duseprostor.cz\/wp-content\/uploads\/2023\/01\/Thanksite_trans.png?resize=768%2C885&amp;ssl=1 768w, https:\/\/i0.wp.com\/www.duseprostor.cz\/wp-content\/uploads\/2023\/01\/Thanksite_trans.png?resize=1332%2C1536&amp;ssl=1 1332w, https:\/\/i0.wp.com\/www.duseprostor.cz\/wp-content\/uploads\/2023\/01\/Thanksite_trans.png?resize=600%2C692&amp;ssl=1 600w, https:\/\/i0.wp.com\/www.duseprostor.cz\/wp-content\/uploads\/2023\/01\/Thanksite_trans.png?resize=563%2C649&amp;ssl=1 563w\" sizes=\"(max-width: 800px) 100vw, 800px\" \/>\t\t\t\t\t\t\t\t\t\t\t\t\t\t\t<\/div>\n\t\t\t\t<\/div>\n\t\t\t\t<div class=\"elementor-element elementor-element-0fbb03f elementor-widget elementor-widget-heading\" data-id=\"0fbb03f\" data-element_type=\"widget\" data-e-type=\"widget\" data-widget_type=\"heading.default\">\n\t\t\t\t<div class=\"elementor-widget-container\">\n\t\t\t\t\t<h2 class=\"elementor-heading-title elementor-size-xxl\">D\u011bkujeme za projevenou d\u016fv\u011bru<\/h2>\t\t\t\t<\/div>\n\t\t\t\t<\/div>\n\t\t\t\t<div class=\"elementor-element elementor-element-3f18280 elementor-widget-divider--view-line_icon elementor-widget-divider--separator-type-pattern elementor-view-default elementor-widget-divider--element-align-center elementor-widget elementor-widget-divider\" data-id=\"3f18280\" data-element_type=\"widget\" data-e-type=\"widget\" data-widget_type=\"divider.default\">\n\t\t\t\t<div class=\"elementor-widget-container\">\n\t\t\t\t\t\t\t<div class=\"elementor-divider\" style=\"--divider-pattern-url: url(&quot;data:image\/svg+xml,%3Csvg xmlns=&#039;http:\/\/www.w3.org\/2000\/svg&#039; preserveAspectRatio=&#039;none&#039; overflow=&#039;visible&#039; height=&#039;100%&#039; viewBox=&#039;0 0 20 16&#039; fill=&#039;none&#039; stroke=&#039;black&#039; stroke-width=&#039;1&#039; stroke-linecap=&#039;square&#039; stroke-miterlimit=&#039;10&#039;%3E%3Cg transform=&#039;translate(-12.000000, 0)&#039;%3E%3Cpath d=&#039;M28,0L10,18&#039;\/%3E%3Cpath d=&#039;M18,0L0,18&#039;\/%3E%3Cpath d=&#039;M48,0L30,18&#039;\/%3E%3Cpath d=&#039;M38,0L20,18&#039;\/%3E%3C\/g%3E%3C\/svg%3E&quot;);\">\n\t\t\t<span class=\"elementor-divider-separator\">\n\t\t\t\t\t\t\t<div class=\"elementor-icon elementor-divider__element\">\n\t\t\t\t\t<svg xmlns=\"http:\/\/www.w3.org\/2000\/svg\" xmlns:xlink=\"http:\/\/www.w3.org\/1999\/xlink\" xmlns:serif=\"http:\/\/www.serif.com\/\" width=\"100%\" height=\"100%\" viewBox=\"0 0 111 96\" xml:space=\"preserve\" style=\"fill-rule:evenodd;clip-rule:evenodd;stroke-linejoin:round;stroke-miterlimit:2;\">    <g transform=\"matrix(1,0,0,1,-1778.01,-1389.16)\">        <g transform=\"matrix(1,0,0,4.23105,1044.41,0)\">            <g transform=\"matrix(2.6084,0.101302,-0.428613,0.616491,-1749.6,-35.0144)\">                <path d=\"M1038.32,445.334C1038.31,445.335 1038.31,445.335 1038.31,445.336C1038.27,445.362 1037.21,446.015 1036.16,446.664C1035.82,446.879 1035.37,446.864 1035.04,446.628C1034.71,446.392 1034.55,445.979 1034.64,445.581C1034.95,444.233 1035.26,442.766 1035.29,442.422C1035.8,435.727 1033.21,430.907 1030.13,427.597C1029.55,426.966 1029.51,426.008 1030.04,425.333C1030.56,424.658 1031.5,424.464 1032.26,424.876C1037.48,427.74 1040.28,432.09 1041.4,437.275C1041.4,437.275 1050.24,435.894 1056.29,440.518C1056.29,440.518 1056.29,440.518 1056.29,440.519C1056.86,440.952 1057.05,441.717 1056.76,442.37C1056.47,443.022 1055.78,443.391 1055.07,443.263C1050.57,442.436 1044.97,442.686 1038.32,445.334Z\" style=\"fill:rgb(0,155,200);\"><\/path>            <\/g>        <\/g>    <\/g><\/svg><\/div>\n\t\t\t\t\t\t<\/span>\n\t\t<\/div>\n\t\t\t\t\t\t<\/div>\n\t\t\t\t<\/div>\n\t\t\t\t<div class=\"elementor-element elementor-element-d7aae6e elementor-widget elementor-widget-text-editor\" data-id=\"d7aae6e\" data-element_type=\"widget\" data-e-type=\"widget\" data-widget_type=\"text-editor.default\">\n\t\t\t\t<div class=\"elementor-widget-container\">\n\t\t\t\t\t\t\t\t\t<p>Pokud n\u00e1s chcete finan\u010dn\u011b podpo\u0159it, m\u016f\u017eete dar p\u0159ev\u00e9st na \u010d\u00edslo \u00fa\u010dtu:<br><br>244212253\/0600 (Moneta Money Bank)<br><br>nebo m\u016f\u017eete vyu\u017e\u00edt QR k\u00f3d, kter\u00fd na\u010dtete ve sv\u00e9m internetov\u00e9m bankovnictv\u00ed<br><\/p>\t\t\t\t\t\t\t\t<\/div>\n\t\t\t\t<\/div>\n\t\t\t\t<div class=\"elementor-element elementor-element-1ab489c elementor-widget elementor-widget-image\" data-id=\"1ab489c\" data-element_type=\"widget\" data-e-type=\"widget\" data-widget_type=\"image.default\">\n\t\t\t\t<div class=\"elementor-widget-container\">\n\t\t\t\t\t\t\t\t\t\t\t\t\t\t\t<img decoding=\"async\" width=\"377\" height=\"374\" src=\"https:\/\/i0.wp.com\/www.duseprostor.cz\/wp-content\/uploads\/2023\/01\/image-e1675167752485.png?fit=377%2C374&amp;ssl=1\" class=\"attachment-full size-full wp-image-3313\" alt=\"\" srcset=\"https:\/\/i0.wp.com\/www.duseprostor.cz\/wp-content\/uploads\/2023\/01\/image-e1675167752485.png?w=377&amp;ssl=1 377w, https:\/\/i0.wp.com\/www.duseprostor.cz\/wp-content\/uploads\/2023\/01\/image-e1675167752485.png?resize=300%2C298&amp;ssl=1 300w, https:\/\/i0.wp.com\/www.duseprostor.cz\/wp-content\/uploads\/2023\/01\/image-e1675167752485.png?resize=150%2C150&amp;ssl=1 150w\" sizes=\"(max-width: 377px) 100vw, 377px\" \/>\t\t\t\t\t\t\t\t\t\t\t\t\t\t\t<\/div>\n\t\t\t\t<\/div>\n\t\t\t\t\t<\/div>\n\t\t<\/div>\n\t\t\t\t\t<\/div>\n\t\t<\/section>\n\t\t\t\t\t<\/div>\n\t\t<\/div>\n\t\t\t\t\t<\/div>\n\t\t<\/section>\n\t\t\t\t<section class=\"elementor-section elementor-top-section elementor-element elementor-element-cd79a28 elementor-section-full_width elementor-hidden-desktop elementor-hidden-tablet elementor-hidden-mobile elementor-section-height-default elementor-section-height-default\" data-id=\"cd79a28\" data-element_type=\"section\" data-e-type=\"section\">\n\t\t\t\t\t\t<div class=\"elementor-container elementor-column-gap-default\">\n\t\t\t\t\t<div class=\"elementor-column elementor-col-100 elementor-top-column elementor-element elementor-element-78d87fe\" data-id=\"78d87fe\" data-element_type=\"column\" data-e-type=\"column\" data-settings=\"{&quot;background_background&quot;:&quot;gradient&quot;}\">\n\t\t\t<div class=\"elementor-widget-wrap elementor-element-populated\">\n\t\t\t\t\t\t<section class=\"elementor-section elementor-inner-section elementor-element elementor-element-10ea8f0 elementor-section-boxed elementor-section-height-default elementor-section-height-default\" data-id=\"10ea8f0\" data-element_type=\"section\" data-e-type=\"section\">\n\t\t\t\t\t\t<div class=\"elementor-container elementor-column-gap-default\">\n\t\t\t\t\t<div class=\"elementor-column elementor-col-50 elementor-inner-column elementor-element elementor-element-d8fc0ff\" data-id=\"d8fc0ff\" data-element_type=\"column\" data-e-type=\"column\">\n\t\t\t<div class=\"elementor-widget-wrap elementor-element-populated\">\n\t\t\t\t\t\t<div class=\"elementor-element elementor-element-54e45a2 elementor-widget elementor-widget-heading\" data-id=\"54e45a2\" data-element_type=\"widget\" data-e-type=\"widget\" data-widget_type=\"heading.default\">\n\t\t\t\t<div class=\"elementor-widget-container\">\n\t\t\t\t\t<h2 class=\"elementor-heading-title elementor-size-xxl\"><a href=\"#onas\">Kde n\u00e1s najdete?<\/a><\/h2>\t\t\t\t<\/div>\n\t\t\t\t<\/div>\n\t\t\t\t<div class=\"elementor-element elementor-element-642db2c elementor-widget-divider--view-line_icon elementor-widget-divider--separator-type-pattern elementor-view-default elementor-widget-divider--element-align-center elementor-widget elementor-widget-divider\" data-id=\"642db2c\" data-element_type=\"widget\" data-e-type=\"widget\" data-widget_type=\"divider.default\">\n\t\t\t\t<div class=\"elementor-widget-container\">\n\t\t\t\t\t\t\t<div class=\"elementor-divider\" style=\"--divider-pattern-url: url(&quot;data:image\/svg+xml,%3Csvg xmlns=&#039;http:\/\/www.w3.org\/2000\/svg&#039; preserveAspectRatio=&#039;none&#039; overflow=&#039;visible&#039; height=&#039;100%&#039; viewBox=&#039;0 0 20 16&#039; fill=&#039;none&#039; stroke=&#039;black&#039; stroke-width=&#039;1&#039; stroke-linecap=&#039;square&#039; stroke-miterlimit=&#039;10&#039;%3E%3Cg transform=&#039;translate(-12.000000, 0)&#039;%3E%3Cpath d=&#039;M28,0L10,18&#039;\/%3E%3Cpath d=&#039;M18,0L0,18&#039;\/%3E%3Cpath d=&#039;M48,0L30,18&#039;\/%3E%3Cpath d=&#039;M38,0L20,18&#039;\/%3E%3C\/g%3E%3C\/svg%3E&quot;);\">\n\t\t\t<span class=\"elementor-divider-separator\">\n\t\t\t\t\t\t\t<div class=\"elementor-icon elementor-divider__element\">\n\t\t\t\t\t<svg xmlns=\"http:\/\/www.w3.org\/2000\/svg\" xmlns:xlink=\"http:\/\/www.w3.org\/1999\/xlink\" xmlns:serif=\"http:\/\/www.serif.com\/\" width=\"100%\" height=\"100%\" viewBox=\"0 0 111 96\" xml:space=\"preserve\" style=\"fill-rule:evenodd;clip-rule:evenodd;stroke-linejoin:round;stroke-miterlimit:2;\">    <g transform=\"matrix(1,0,0,1,-1778.01,-1389.16)\">        <g transform=\"matrix(1,0,0,4.23105,1044.41,0)\">            <g transform=\"matrix(2.6084,0.101302,-0.428613,0.616491,-1749.6,-35.0144)\">                <path d=\"M1038.32,445.334C1038.31,445.335 1038.31,445.335 1038.31,445.336C1038.27,445.362 1037.21,446.015 1036.16,446.664C1035.82,446.879 1035.37,446.864 1035.04,446.628C1034.71,446.392 1034.55,445.979 1034.64,445.581C1034.95,444.233 1035.26,442.766 1035.29,442.422C1035.8,435.727 1033.21,430.907 1030.13,427.597C1029.55,426.966 1029.51,426.008 1030.04,425.333C1030.56,424.658 1031.5,424.464 1032.26,424.876C1037.48,427.74 1040.28,432.09 1041.4,437.275C1041.4,437.275 1050.24,435.894 1056.29,440.518C1056.29,440.518 1056.29,440.518 1056.29,440.519C1056.86,440.952 1057.05,441.717 1056.76,442.37C1056.47,443.022 1055.78,443.391 1055.07,443.263C1050.57,442.436 1044.97,442.686 1038.32,445.334Z\" style=\"fill:rgb(0,155,200);\"><\/path>            <\/g>        <\/g>    <\/g><\/svg><\/div>\n\t\t\t\t\t\t<\/span>\n\t\t<\/div>\n\t\t\t\t\t\t<\/div>\n\t\t\t\t<\/div>\n\t\t\t\t<div class=\"elementor-element elementor-element-36dd7bc elementor-widget elementor-widget-text-editor\" data-id=\"36dd7bc\" data-element_type=\"widget\" data-e-type=\"widget\" data-widget_type=\"text-editor.default\">\n\t\t\t\t<div class=\"elementor-widget-container\">\n\t\t\t\t\t\t\t\t\t<p>Najdete n\u00e1s prozat\u00edm v prostor\u00e1ch CDZ (Centrum du\u0161evn\u00edho zdrav\u00ed) Svitavy, v budov\u011b Komer\u010dn\u00ed banky v 1. pat\u0159e,\u00a0 <br \/>na n\u00e1m\u011bst\u00ed ve Svitav\u00e1ch bl\u00edzko supermarketu Albert,<br \/>v odpoledn\u00edch hodin\u00e1ch.<\/p><p>Z autobusov\u00e9ho n\u00e1dra\u017e\u00ed je to asi 500 m p\u011b\u0161ky, z vlakov\u00e9ho asi 1,5 km.<\/p><p>P\u0159esn\u00e1 adresa je n\u00e1m. M\u00edru 29\/87, 568 02 Svitavy.<\/p><p>Najdete n\u00e1s na Facebooku, Instagramu, Youtube a nebo n\u00e1m napi\u0161te na email duseprostor@gmail.com<\/p>\t\t\t\t\t\t\t\t<\/div>\n\t\t\t\t<\/div>\n\t\t\t\t<div class=\"elementor-element elementor-element-7ecddc2 elementor-shape-rounded elementor-grid-0 e-grid-align-center elementor-widget elementor-widget-social-icons\" data-id=\"7ecddc2\" data-element_type=\"widget\" data-e-type=\"widget\" data-widget_type=\"social-icons.default\">\n\t\t\t\t<div class=\"elementor-widget-container\">\n\t\t\t\t\t\t\t<div class=\"elementor-social-icons-wrapper elementor-grid\" role=\"list\">\n\t\t\t\t\t\t\t<span class=\"elementor-grid-item\" role=\"listitem\">\n\t\t\t\t\t<a class=\"elementor-icon elementor-social-icon elementor-social-icon-facebook elementor-repeater-item-328b0f7\" href=\"https:\/\/www.facebook.com\/Du%C5%A1e_Prostor-103540945596408\/\" target=\"_blank\">\n\t\t\t\t\t\t<span class=\"elementor-screen-only\">Facebook<\/span>\n\t\t\t\t\t\t<i aria-hidden=\"true\" class=\"fab fa-facebook\"><\/i>\t\t\t\t\t<\/a>\n\t\t\t\t<\/span>\n\t\t\t\t\t\t\t<span class=\"elementor-grid-item\" role=\"listitem\">\n\t\t\t\t\t<a class=\"elementor-icon elementor-social-icon elementor-social-icon-youtube elementor-repeater-item-0c3d742\" target=\"_blank\">\n\t\t\t\t\t\t<span class=\"elementor-screen-only\">Youtube<\/span>\n\t\t\t\t\t\t<i aria-hidden=\"true\" class=\"fab fa-youtube\"><\/i>\t\t\t\t\t<\/a>\n\t\t\t\t<\/span>\n\t\t\t\t\t\t\t<span class=\"elementor-grid-item\" role=\"listitem\">\n\t\t\t\t\t<a class=\"elementor-icon elementor-social-icon elementor-social-icon-instagram elementor-repeater-item-3759e8e\" target=\"_blank\">\n\t\t\t\t\t\t<span class=\"elementor-screen-only\">Instagram<\/span>\n\t\t\t\t\t\t<i aria-hidden=\"true\" class=\"fab fa-instagram\"><\/i>\t\t\t\t\t<\/a>\n\t\t\t\t<\/span>\n\t\t\t\t\t<\/div>\n\t\t\t\t\t\t<\/div>\n\t\t\t\t<\/div>\n\t\t\t\t\t<\/div>\n\t\t<\/div>\n\t\t\t\t<div class=\"elementor-column elementor-col-50 elementor-inner-column elementor-element elementor-element-639692c\" data-id=\"639692c\" data-element_type=\"column\" data-e-type=\"column\">\n\t\t\t<div class=\"elementor-widget-wrap elementor-element-populated\">\n\t\t\t\t\t\t<div class=\"elementor-element elementor-element-0cc4f3b elementor-widget elementor-widget-google_maps\" data-id=\"0cc4f3b\" data-element_type=\"widget\" data-e-type=\"widget\" data-widget_type=\"google_maps.default\">\n\t\t\t\t<div class=\"elementor-widget-container\">\n\t\t\t\t\t\t\t<div class=\"elementor-custom-embed\">\n\t\t\t<iframe loading=\"lazy\"\n\t\t\t\t\tsrc=\"https:\/\/maps.google.com\/maps?q=49.7560282%2C16.4672346&#038;t=m&#038;z=17&#038;output=embed&#038;iwloc=near\"\n\t\t\t\t\ttitle=\"49.7560282,16.4672346\"\n\t\t\t\t\taria-label=\"49.7560282,16.4672346\"\n\t\t\t><\/iframe>\n\t\t<\/div>\n\t\t\t\t\t\t<\/div>\n\t\t\t\t<\/div>\n\t\t\t\t\t<\/div>\n\t\t<\/div>\n\t\t\t\t\t<\/div>\n\t\t<\/section>\n\t\t\t\t\t<\/div>\n\t\t<\/div>\n\t\t\t\t\t<\/div>\n\t\t<\/section>\n\t\t\t\t<section class=\"elementor-section elementor-top-section elementor-element elementor-element-6315be8a elementor-section-full_width elementor-section-height-default elementor-section-height-default\" data-id=\"6315be8a\" data-element_type=\"section\" data-e-type=\"section\">\n\t\t\t\t\t\t\t<div class=\"elementor-background-overlay\"><\/div>\n\t\t\t\t\t\t\t<div class=\"elementor-container elementor-column-gap-default\">\n\t\t\t\t\t<div class=\"elementor-column elementor-col-100 elementor-top-column elementor-element elementor-element-1a5b716a\" data-id=\"1a5b716a\" data-element_type=\"column\" data-e-type=\"column\" data-settings=\"{&quot;background_background&quot;:&quot;classic&quot;}\">\n\t\t\t<div class=\"elementor-widget-wrap elementor-element-populated\">\n\t\t\t\t\t\t<div class=\"elementor-element elementor-element-15daa3b0 elementor-widget elementor-widget-heading\" data-id=\"15daa3b0\" data-element_type=\"widget\" data-e-type=\"widget\" data-widget_type=\"heading.default\">\n\t\t\t\t<div class=\"elementor-widget-container\">\n\t\t\t\t\t<span class=\"elementor-heading-title elementor-size-default\">Podporuj\u00ed n\u00e1s<\/span>\t\t\t\t<\/div>\n\t\t\t\t<\/div>\n\t\t\t\t<div class=\"elementor-element elementor-element-7ecf84bd elementor-widget-divider--view-line_icon elementor-widget-divider--separator-type-pattern elementor-view-default elementor-widget-divider--element-align-center elementor-widget elementor-widget-divider\" data-id=\"7ecf84bd\" data-element_type=\"widget\" data-e-type=\"widget\" data-widget_type=\"divider.default\">\n\t\t\t\t<div class=\"elementor-widget-container\">\n\t\t\t\t\t\t\t<div class=\"elementor-divider\" style=\"--divider-pattern-url: url(&quot;data:image\/svg+xml,%3Csvg xmlns=&#039;http:\/\/www.w3.org\/2000\/svg&#039; preserveAspectRatio=&#039;none&#039; overflow=&#039;visible&#039; height=&#039;100%&#039; viewBox=&#039;0 0 20 16&#039; fill=&#039;none&#039; stroke=&#039;black&#039; stroke-width=&#039;1&#039; stroke-linecap=&#039;square&#039; stroke-miterlimit=&#039;10&#039;%3E%3Cg transform=&#039;translate(-12.000000, 0)&#039;%3E%3Cpath d=&#039;M28,0L10,18&#039;\/%3E%3Cpath d=&#039;M18,0L0,18&#039;\/%3E%3Cpath d=&#039;M48,0L30,18&#039;\/%3E%3Cpath d=&#039;M38,0L20,18&#039;\/%3E%3C\/g%3E%3C\/svg%3E&quot;);\">\n\t\t\t<span class=\"elementor-divider-separator\">\n\t\t\t\t\t\t\t<div class=\"elementor-icon elementor-divider__element\">\n\t\t\t\t\t<svg xmlns=\"http:\/\/www.w3.org\/2000\/svg\" xmlns:xlink=\"http:\/\/www.w3.org\/1999\/xlink\" xmlns:serif=\"http:\/\/www.serif.com\/\" width=\"100%\" height=\"100%\" viewBox=\"0 0 111 96\" xml:space=\"preserve\" style=\"fill-rule:evenodd;clip-rule:evenodd;stroke-linejoin:round;stroke-miterlimit:2;\">    <g transform=\"matrix(1,0,0,1,-1778.01,-1389.16)\">        <g transform=\"matrix(1,0,0,4.23105,1044.41,0)\">            <g transform=\"matrix(2.6084,0.101302,-0.428613,0.616491,-1749.6,-35.0144)\">                <path d=\"M1038.32,445.334C1038.31,445.335 1038.31,445.335 1038.31,445.336C1038.27,445.362 1037.21,446.015 1036.16,446.664C1035.82,446.879 1035.37,446.864 1035.04,446.628C1034.71,446.392 1034.55,445.979 1034.64,445.581C1034.95,444.233 1035.26,442.766 1035.29,442.422C1035.8,435.727 1033.21,430.907 1030.13,427.597C1029.55,426.966 1029.51,426.008 1030.04,425.333C1030.56,424.658 1031.5,424.464 1032.26,424.876C1037.48,427.74 1040.28,432.09 1041.4,437.275C1041.4,437.275 1050.24,435.894 1056.29,440.518C1056.29,440.518 1056.29,440.518 1056.29,440.519C1056.86,440.952 1057.05,441.717 1056.76,442.37C1056.47,443.022 1055.78,443.391 1055.07,443.263C1050.57,442.436 1044.97,442.686 1038.32,445.334Z\" style=\"fill:rgb(0,155,200);\"><\/path>            <\/g>        <\/g>    <\/g><\/svg><\/div>\n\t\t\t\t\t\t<\/span>\n\t\t<\/div>\n\t\t\t\t\t\t<\/div>\n\t\t\t\t<\/div>\n\t\t\t\t<div class=\"elementor-element elementor-element-646b29a7 elementor-widget elementor-widget-image-carousel\" data-id=\"646b29a7\" data-element_type=\"widget\" data-e-type=\"widget\" data-settings=\"{&quot;slides_to_show&quot;:&quot;5&quot;,&quot;navigation&quot;:&quot;none&quot;,&quot;lazyload&quot;:&quot;yes&quot;,&quot;autoplay&quot;:&quot;yes&quot;,&quot;pause_on_hover&quot;:&quot;yes&quot;,&quot;pause_on_interaction&quot;:&quot;yes&quot;,&quot;autoplay_speed&quot;:5000,&quot;infinite&quot;:&quot;yes&quot;,&quot;speed&quot;:500}\" data-widget_type=\"image-carousel.default\">\n\t\t\t\t<div class=\"elementor-widget-container\">\n\t\t\t\t\t\t\t<div class=\"elementor-image-carousel-wrapper swiper\" role=\"region\" aria-roledescription=\"carousel\" aria-label=\"Obr\u00e1zkov\u00fd koloto\u010d\" dir=\"ltr\">\n\t\t\t<div class=\"elementor-image-carousel swiper-wrapper\" aria-live=\"off\">\n\t\t\t\t\t\t\t\t<div class=\"swiper-slide\" role=\"group\" aria-roledescription=\"slide\" aria-label=\"1 z 5\"><figure class=\"swiper-slide-inner\"><img class=\"swiper-slide-image swiper-lazy\" data-src=\"https:\/\/www.duseprostor.cz\/wp-content\/uploads\/elementor\/thumbs\/1-qa0yktnwoi1297ymfao3j18y08rid5qd42f5td1hvs.png\" alt=\"1\" \/><div class=\"swiper-lazy-preloader\"><\/div><\/figure><\/div><div class=\"swiper-slide\" role=\"group\" aria-roledescription=\"slide\" aria-label=\"2 z 5\"><figure class=\"swiper-slide-inner\"><img class=\"swiper-slide-image swiper-lazy\" data-src=\"https:\/\/www.duseprostor.cz\/wp-content\/uploads\/elementor\/thumbs\/3-qa0yksq2hnzrxlzzks9gyjhheuw55gmmrxroc32w2k.png\" alt=\"3\" \/><div class=\"swiper-lazy-preloader\"><\/div><\/figure><\/div><div class=\"swiper-slide\" role=\"group\" aria-roledescription=\"slide\" aria-label=\"3 z 5\"><figure class=\"swiper-slide-inner\"><img class=\"swiper-slide-image swiper-lazy\" data-src=\"https:\/\/www.duseprostor.cz\/wp-content\/uploads\/elementor\/thumbs\/2-qa0yktnwoi1297ymfao3j18y08rid5qd42f5td1hz4.png\" alt=\"2\" \/><div class=\"swiper-lazy-preloader\"><\/div><\/figure><\/div><div class=\"swiper-slide\" role=\"group\" aria-roledescription=\"slide\" aria-label=\"4 z 5\"><figure class=\"swiper-slide-inner\"><img class=\"swiper-slide-image swiper-lazy\" data-src=\"https:\/\/www.duseprostor.cz\/wp-content\/uploads\/elementor\/thumbs\/5-qa0ykoypqbumn65g6qmyokfn1beoao7pff5qez8gus.png\" alt=\"5\" \/><div class=\"swiper-lazy-preloader\"><\/div><\/figure><\/div><div class=\"swiper-slide\" role=\"group\" aria-roledescription=\"slide\" aria-label=\"5 z 5\"><figure class=\"swiper-slide-inner\"><img class=\"swiper-slide-image swiper-lazy\" data-src=\"https:\/\/www.duseprostor.cz\/wp-content\/uploads\/elementor\/thumbs\/4-e1690454249323-qa0yleccuutdcn4l2jlw1w132pxl2i0giwrudg6u3g.png\" alt=\"4\" \/><div class=\"swiper-lazy-preloader\"><\/div><\/figure><\/div>\t\t\t<\/div>\n\t\t\t\t\t\t\t\n\t\t\t\t\t\t\t\t\t<\/div>\n\t\t\t\t\t\t<\/div>\n\t\t\t\t<\/div>\n\t\t\t\t\t<\/div>\n\t\t<\/div>\n\t\t\t\t\t<\/div>\n\t\t<\/section>\n\t\t\t\t<\/div>\n\t\t","protected":false},"excerpt":{"rendered":"<p>D\u011bkujeme za projevenou d\u016fv\u011bru Pokud n\u00e1s chcete finan\u010dn\u011b podpo\u0159it, m\u016f\u017eete dar p\u0159ev\u00e9st na \u010d\u00edslo \u00fa\u010dtu: 244212253\/0600 (Moneta Money Bank) nebo m\u016f\u017eete vyu\u017e\u00edt QR k\u00f3d, kter\u00fd na\u010dtete ve sv\u00e9m internetov\u00e9m bankovnictv\u00ed Kde n\u00e1s najdete? Najdete n\u00e1s prozat\u00edm v prostor\u00e1ch CDZ (Centrum du\u0161evn\u00edho zdrav\u00ed) Svitavy, v budov\u011b Komer\u010dn\u00ed banky v 1. pat\u0159e,\u00a0 na n\u00e1m\u011bst\u00ed ve Svitav\u00e1ch bl\u00edzko [&hellip;]<\/p>\n","protected":false},"author":1,"featured_media":0,"parent":0,"menu_order":0,"comment_status":"closed","ping_status":"closed","template":"","meta":{"footnotes":""},"class_list":["post-3243","page","type-page","status-publish","hentry"],"jetpack_sharing_enabled":true,"_links":{"self":[{"href":"https:\/\/www.duseprostor.cz\/index.php?rest_route=\/wp\/v2\/pages\/3243","targetHints":{"allow":["GET"]}}],"collection":[{"href":"https:\/\/www.duseprostor.cz\/index.php?rest_route=\/wp\/v2\/pages"}],"about":[{"href":"https:\/\/www.duseprostor.cz\/index.php?rest_route=\/wp\/v2\/types\/page"}],"author":[{"embeddable":true,"href":"https:\/\/www.duseprostor.cz\/index.php?rest_route=\/wp\/v2\/users\/1"}],"replies":[{"embeddable":true,"href":"https:\/\/www.duseprostor.cz\/index.php?rest_route=%2Fwp%2Fv2%2Fcomments&post=3243"}],"version-history":[{"count":73,"href":"https:\/\/www.duseprostor.cz\/index.php?rest_route=\/wp\/v2\/pages\/3243\/revisions"}],"predecessor-version":[{"id":4020,"href":"https:\/\/www.duseprostor.cz\/index.php?rest_route=\/wp\/v2\/pages\/3243\/revisions\/4020"}],"wp:attachment":[{"href":"https:\/\/www.duseprostor.cz\/index.php?rest_route=%2Fwp%2Fv2%2Fmedia&parent=3243"}],"curies":[{"name":"wp","href":"https:\/\/api.w.org\/{rel}","templated":true}]}}